{"id":14,"date":"2015-08-03T15:39:34","date_gmt":"2015-08-03T13:39:34","guid":{"rendered":"http:\/\/tixxme.de\/wordpress\/?page_id=14"},"modified":"2015-08-03T18:41:09","modified_gmt":"2015-08-03T16:41:09","slug":"tixxme-kuemmert-sich-um-ihre-veranstaltungen","status":"publish","type":"page","link":"https:\/\/www.tixxme.de\/wordpress\/tixxme-fuer-konzertveranstalter-verkaufsstellen\/tixxme-kuemmert-sich-um-ihre-veranstaltungen\/","title":{"rendered":"Veranstaltungen"},"content":{"rendered":"<h1>Ihre Veranstaltung im Fokus!<\/h1>\n<p>Aufgrund unserer Konzerterfahrung und des elektronischen Erfassungssystems k\u00f6nnen wir sicherstellen, dass sich in einem Raum nur die jeweils akkreditierte, zul\u00e4ssige Gesamtpersonenzahl befindet (z.B. wichtig bei Konzerten aus feuerpolizeilichen Gr\u00fcnden).<\/p>\n<p>F\u00fcr Sie kann dies aber auch bedeuten, dass wir damit z.B. bei Versammlungen wie<\/p>\n<ul>\n<li>Hauptversammlungen von Vereinen<\/li>\n<li>Vertreterversammlungen von Genossenschaften<\/li>\n<li>Versammlungen von WEGs und<\/li>\n<li>Hauptversammlungen von Aktiengesellschaften<\/li>\n<\/ul>\n<p>sicherstellen und erfassen k\u00f6nnen wer (mit welchem Stimmenanteil) noch oder gerade nicht mehr im Versammlungsraum ist. Damit erhalten Sie von sekundengenau die jeweilige Anwesenheitsliste und dies erm\u00f6glicht Ihnen ein genaues l\u00fcckenloses Protokoll.<\/p>\n<p><strong>Ihr Vorteil:<\/strong><\/p>\n<ul>\n<li>Delegation an ein fachlich versiertes Team<\/li>\n<li>Unabh\u00e4ngigkeit<\/li>\n<li>Konzentration auf das Wesentliche, Ihre Versammlung<\/li>\n<\/ul>\n<p>&nbsp;<\/p>\n<h2><strong>WIR UNTERST\u00dcTZEN SIE<\/strong><\/h2>\n<p>Nutzen Sie diesen besonderen Full-Service von tixxme und kontaktieren Sie uns. Wir freuen uns Sie bei Ihren Events, Veranstaltungen und Konzerte unterst\u00fctzen zu k\u00f6nnen:<\/p>\n<h2><\/h2>\n<h2><\/h2>\n<p>&nbsp;<\/p>\n<h2><strong>B<\/strong><strong>2B-HOTLINE<\/strong><\/h2>\n<p>TixxMe B2B-Hotline<\/p>\n<p>Telefon: +49 8161 976 2432 0<\/p>\n<p>Email: sales@tixxme.de<\/p>\n<p>&nbsp;<\/p>\n","protected":false},"excerpt":{"rendered":"<p>Ihre Veranstaltung im Fokus! Aufgrund unserer Konzerterfahrung und des elektronischen Erfassungssystems k\u00f6nnen wir sicherstellen, dass sich in einem Raum nur die jeweils akkreditierte, zul\u00e4ssige Gesamtpersonenzahl befindet (z.B. wichtig bei Konzerten <a class=\"more-link\" href=\"https:\/\/www.tixxme.de\/wordpress\/tixxme-fuer-konzertveranstalter-verkaufsstellen\/tixxme-kuemmert-sich-um-ihre-veranstaltungen\/\">Read More &#8230;<\/a><\/p>\n","protected":false},"author":1,"featured_media":0,"parent":10,"menu_order":1,"comment_status":"open","ping_status":"open","template":"","meta":[],"_links":{"self":[{"href":"https:\/\/www.tixxme.de\/wordpress\/wp-json\/wp\/v2\/pages\/14"}],"collection":[{"href":"https:\/\/www.tixxme.de\/wordpress\/wp-json\/wp\/v2\/pages"}],"about":[{"href":"https:\/\/www.tixxme.de\/wordpress\/wp-json\/wp\/v2\/types\/page"}],"author":[{"embeddable":true,"href":"https:\/\/www.tixxme.de\/wordpress\/wp-json\/wp\/v2\/users\/1"}],"replies":[{"embeddable":true,"href":"https:\/\/www.tixxme.de\/wordpress\/wp-json\/wp\/v2\/comments?post=14"}],"version-history":[{"count":9,"href":"https:\/\/www.tixxme.de\/wordpress\/wp-json\/wp\/v2\/pages\/14\/revisions"}],"predecessor-version":[{"id":76,"href":"https:\/\/www.tixxme.de\/wordpress\/wp-json\/wp\/v2\/pages\/14\/revisions\/76"}],"up":[{"embeddable":true,"href":"https:\/\/www.tixxme.de\/wordpress\/wp-json\/wp\/v2\/pages\/10"}],"wp:attachment":[{"href":"https:\/\/www.tixxme.de\/wordpress\/wp-json\/wp\/v2\/media?parent=14"}],"curies":[{"name":"wp","href":"https:\/\/api.w.org\/{rel}","templated":true}]}}