{"id":8,"date":"2015-08-03T15:35:36","date_gmt":"2015-08-03T13:35:36","guid":{"rendered":"http:\/\/tixxme.de\/wordpress\/?page_id=8"},"modified":"2015-08-03T18:30:47","modified_gmt":"2015-08-03T16:30:47","slug":"tixxme-fuer-kunden","status":"publish","type":"page","link":"https:\/\/www.tixxme.de\/wordpress\/tixxme-fuer-kunden\/","title":{"rendered":"Gutscheinkunden"},"content":{"rendered":"<p>Ziel von <strong>tixx<\/strong>me ist die einfache, kundenfreundliche Handhabung und Abwicklung im Ticket- und Kundenbereich\u00a0mit den vier Kernelementen:<\/p>\n<ol>\n<li>g\u00fcnstige Kostenstruktur<\/li>\n<li>einfache, intuitive Bedienung<\/li>\n<li>sichere, zuverl\u00e4ssige Datenverbindung und Verschl\u00fcsselung<\/li>\n<li>schnelle, unkomplizierte Abwicklung<\/li>\n<\/ol>\n<p>Dies bedeutet f\u00fcr Sie als Gutscheinkunden, Sie bekommen \u2013 nach der Bezahlung das (Konzert)Ticket oder den Gutschein ganz einfach und automatisch\u00a0elektronisch zugestellt; optional auch als Papierticket per Post nachhause.<\/p>\n<p>Sollten Sie das online zugestellte Ticket versehentlich l\u00f6schen &#8211; kein Problem! Das Ticket kann jederzeit nochmals \u00fcber die <strong>tixx<\/strong>me-Website heruntergeladen werden.<\/p>\n<p>Wollen Sie Ihr Konzert k\u00fcnftig \u00fcber <strong>tixx<\/strong>me bestellen? Bitte schreiben Sie uns eine Mail oder rufen Sie uns an.<\/p>\n","protected":false},"excerpt":{"rendered":"<p>Ziel von tixxme ist die einfache, kundenfreundliche Handhabung und Abwicklung im Ticket- und Kundenbereich\u00a0mit den vier Kernelementen: g\u00fcnstige Kostenstruktur einfache, intuitive Bedienung sichere, zuverl\u00e4ssige Datenverbindung und Verschl\u00fcsselung schnelle, unkomplizierte Abwicklung <a class=\"more-link\" href=\"https:\/\/www.tixxme.de\/wordpress\/tixxme-fuer-kunden\/\">Read More &#8230;<\/a><\/p>\n","protected":false},"author":1,"featured_media":0,"parent":0,"menu_order":0,"comment_status":"open","ping_status":"open","template":"","meta":[],"_links":{"self":[{"href":"https:\/\/www.tixxme.de\/wordpress\/wp-json\/wp\/v2\/pages\/8"}],"collection":[{"href":"https:\/\/www.tixxme.de\/wordpress\/wp-json\/wp\/v2\/pages"}],"about":[{"href":"https:\/\/www.tixxme.de\/wordpress\/wp-json\/wp\/v2\/types\/page"}],"author":[{"embeddable":true,"href":"https:\/\/www.tixxme.de\/wordpress\/wp-json\/wp\/v2\/users\/1"}],"replies":[{"embeddable":true,"href":"https:\/\/www.tixxme.de\/wordpress\/wp-json\/wp\/v2\/comments?post=8"}],"version-history":[{"count":7,"href":"https:\/\/www.tixxme.de\/wordpress\/wp-json\/wp\/v2\/pages\/8\/revisions"}],"predecessor-version":[{"id":65,"href":"https:\/\/www.tixxme.de\/wordpress\/wp-json\/wp\/v2\/pages\/8\/revisions\/65"}],"wp:attachment":[{"href":"https:\/\/www.tixxme.de\/wordpress\/wp-json\/wp\/v2\/media?parent=8"}],"curies":[{"name":"wp","href":"https:\/\/api.w.org\/{rel}","templated":true}]}}